{"id":375,"date":"2022-02-10T14:27:28","date_gmt":"2022-02-10T14:27:28","guid":{"rendered":"https:\/\/didom.ch\/?page_id=375"},"modified":"2022-02-10T14:29:33","modified_gmt":"2022-02-10T14:29:33","slug":"ueber-didom","status":"publish","type":"page","link":"https:\/\/didom.ch\/index.php\/ueber-didom\/","title":{"rendered":"\u00dcber DiDom"},"content":{"rendered":"\t\t<div data-elementor-type=\"wp-page\" data-elementor-id=\"375\" class=\"elementor elementor-375\" data-elementor-settings=\"[]\">\n\t\t\t\t\t\t\t<div class=\"elementor-section-wrap\">\n\t\t\t\t\t\t\t<section class=\"elementor-section elementor-top-section elementor-element elementor-element-f0f3096 elementor-section-boxed elementor-section-height-default elementor-section-height-default\" data-id=\"f0f3096\" data-element_type=\"section\">\n\t\t\t\t\t\t<div class=\"elementor-container elementor-column-gap-default\">\n\t\t\t\t\t<div class=\"elementor-column elementor-col-100 elementor-top-column elementor-element elementor-element-fc7fed9\" data-id=\"fc7fed9\" data-element_type=\"column\">\n\t\t\t<div class=\"elementor-widget-wrap elementor-element-populated\">\n\t\t\t\t\t\t\t\t<div class=\"elementor-element elementor-element-77d4550 elementor-widget elementor-widget-spacer\" data-id=\"77d4550\" data-element_type=\"widget\" data-widget_type=\"spacer.default\">\n\t\t\t\t<div class=\"elementor-widget-container\">\n\t\t\t\t\t<div class=\"elementor-spacer\">\n\t\t\t<div class=\"elementor-spacer-inner\"><\/div>\n\t\t<\/div>\n\t\t\t\t<\/div>\n\t\t\t\t<\/div>\n\t\t\t\t\t<\/div>\n\t\t<\/div>\n\t\t\t\t\t\t\t<\/div>\n\t\t<\/section>\n\t\t\t\t<section class=\"elementor-section elementor-top-section elementor-element elementor-element-50949f9 elementor-section-boxed elementor-section-height-default elementor-section-height-default\" data-id=\"50949f9\" data-element_type=\"section\">\n\t\t\t\t\t\t<div class=\"elementor-container elementor-column-gap-default\">\n\t\t\t\t\t<div class=\"elementor-column elementor-col-50 elementor-top-column elementor-element elementor-element-1e50348\" data-id=\"1e50348\" data-element_type=\"column\">\n\t\t\t<div class=\"elementor-widget-wrap elementor-element-populated\">\n\t\t\t\t\t\t\t\t<div class=\"elementor-element elementor-element-ef4a24f elementor-widget elementor-widget-text-editor\" data-id=\"ef4a24f\" data-element_type=\"widget\" data-widget_type=\"text-editor.default\">\n\t\t\t\t<div class=\"elementor-widget-container\">\n\t\t\t\t\t\t\t<h2 class=\"has-neve-text-color-color has-text-color\">DiDom Reinigung &amp; Hauswartung<\/h2>\n<p class=\"has-neve-text-color-color has-text-color\">Haben Sie momentan keine Zeit, Ihr Eigenheim oder Ihre Gesch\u00e4ftsr\u00e4umlichkeiten auf Fordermann zu bringen?<\/p>\n<p class=\"has-neve-text-color-color has-text-color\">Kein Problem &#8211; Da sind Sie bei uns richtig.<\/p>\t\t\t\t\t\t<\/div>\n\t\t\t\t<\/div>\n\t\t\t\t\t<\/div>\n\t\t<\/div>\n\t\t\t\t<div class=\"elementor-column elementor-col-50 elementor-top-column elementor-element elementor-element-ffd1230\" data-id=\"ffd1230\" data-element_type=\"column\">\n\t\t\t<div class=\"elementor-widget-wrap elementor-element-populated\">\n\t\t\t\t\t\t\t\t<div class=\"elementor-element elementor-element-37571a0 elementor-widget elementor-widget-image\" data-id=\"37571a0\" data-element_type=\"widget\" data-widget_type=\"image.default\">\n\t\t\t\t<div class=\"elementor-widget-container\">\n\t\t\t\t\t\t\t\t\t\t\t\t\t\t\t<img width=\"940\" height=\"400\" src=\"https:\/\/didom.ch\/wp-content\/uploads\/2021\/02\/blog_image1.jpg\" class=\"attachment-large size-large\" alt=\"\" loading=\"lazy\" srcset=\"https:\/\/didom.ch\/wp-content\/uploads\/2021\/02\/blog_image1.jpg 940w, https:\/\/didom.ch\/wp-content\/uploads\/2021\/02\/blog_image1-300x128.jpg 300w, https:\/\/didom.ch\/wp-content\/uploads\/2021\/02\/blog_image1-768x327.jpg 768w\" sizes=\"(max-width: 940px) 100vw, 940px\" \/>\t\t\t\t\t\t\t\t\t\t\t\t\t\t\t<\/div>\n\t\t\t\t<\/div>\n\t\t\t\t\t<\/div>\n\t\t<\/div>\n\t\t\t\t\t\t\t<\/div>\n\t\t<\/section>\n\t\t\t\t<section class=\"elementor-section elementor-top-section elementor-element elementor-element-9deb829 elementor-section-boxed elementor-section-height-default elementor-section-height-default\" data-id=\"9deb829\" data-element_type=\"section\">\n\t\t\t\t\t\t<div class=\"elementor-container elementor-column-gap-default\">\n\t\t\t\t\t<div class=\"elementor-column elementor-col-100 elementor-top-column elementor-element elementor-element-1f9f36c\" data-id=\"1f9f36c\" data-element_type=\"column\">\n\t\t\t<div class=\"elementor-widget-wrap elementor-element-populated\">\n\t\t\t\t\t\t\t\t<div class=\"elementor-element elementor-element-15bfb7f elementor-widget elementor-widget-spacer\" data-id=\"15bfb7f\" data-element_type=\"widget\" data-widget_type=\"spacer.default\">\n\t\t\t\t<div class=\"elementor-widget-container\">\n\t\t\t\t\t<div class=\"elementor-spacer\">\n\t\t\t<div class=\"elementor-spacer-inner\"><\/div>\n\t\t<\/div>\n\t\t\t\t<\/div>\n\t\t\t\t<\/div>\n\t\t\t\t\t<\/div>\n\t\t<\/div>\n\t\t\t\t\t\t\t<\/div>\n\t\t<\/section>\n\t\t\t\t<section class=\"elementor-section elementor-top-section elementor-element elementor-element-b6dbd42 elementor-section-boxed elementor-section-height-default elementor-section-height-default\" data-id=\"b6dbd42\" data-element_type=\"section\">\n\t\t\t\t\t\t<div class=\"elementor-container elementor-column-gap-default\">\n\t\t\t\t\t<div class=\"elementor-column elementor-col-50 elementor-top-column elementor-element elementor-element-be95c41\" data-id=\"be95c41\" data-element_type=\"column\">\n\t\t\t<div class=\"elementor-widget-wrap elementor-element-populated\">\n\t\t\t\t\t\t\t\t<div class=\"elementor-element elementor-element-3bb540c elementor-widget elementor-widget-image\" data-id=\"3bb540c\" data-element_type=\"widget\" data-widget_type=\"image.default\">\n\t\t\t\t<div class=\"elementor-widget-container\">\n\t\t\t\t\t\t\t\t\t\t\t\t\t\t\t<img width=\"289\" height=\"438\" src=\"https:\/\/didom.ch\/wp-content\/uploads\/2021\/02\/mo.jpg\" class=\"attachment-large size-large\" alt=\"\" loading=\"lazy\" srcset=\"https:\/\/didom.ch\/wp-content\/uploads\/2021\/02\/mo.jpg 289w, https:\/\/didom.ch\/wp-content\/uploads\/2021\/02\/mo-198x300.jpg 198w\" sizes=\"(max-width: 289px) 100vw, 289px\" \/>\t\t\t\t\t\t\t\t\t\t\t\t\t\t\t<\/div>\n\t\t\t\t<\/div>\n\t\t\t\t\t<\/div>\n\t\t<\/div>\n\t\t\t\t<div class=\"elementor-column elementor-col-50 elementor-top-column elementor-element elementor-element-f036adf\" data-id=\"f036adf\" data-element_type=\"column\">\n\t\t\t<div class=\"elementor-widget-wrap elementor-element-populated\">\n\t\t\t\t\t\t\t\t<div class=\"elementor-element elementor-element-4b228c8 elementor-widget elementor-widget-text-editor\" data-id=\"4b228c8\" data-element_type=\"widget\" data-widget_type=\"text-editor.default\">\n\t\t\t\t<div class=\"elementor-widget-container\">\n\t\t\t\t\t\t\t<h2 class=\"has-neve-text-color-color has-text-color\">Miguel De Oliveira<\/h2>\n<p class=\"has-neve-text-color-color has-text-color has-medium-font-size\">Gesch\u00e4ftsf\u00fchrer<\/p>\n<p class=\"has-neve-text-color-color has-text-color\">Gerne stehe ich Ihnen f\u00fcr Fragen zur Verf\u00fcgung.<\/p>\n<p class=\"has-neve-text-color-color has-text-color\"><strong>E-mail:<\/strong> m.oliveira@didom.ch<\/p>\n<p class=\"has-neve-text-color-color has-text-color\"><strong>Telefon: <\/strong>061 599 81 87<\/p>\n<p class=\"has-nv-dark-bg-color has-text-color\"><strong>Mobil: <\/strong>078 825 96 64<\/p>\t\t\t\t\t\t<\/div>\n\t\t\t\t<\/div>\n\t\t\t\t\t<\/div>\n\t\t<\/div>\n\t\t\t\t\t\t\t<\/div>\n\t\t<\/section>\n\t\t\t\t<section class=\"elementor-section elementor-top-section elementor-element elementor-element-258e1be elementor-section-boxed elementor-section-height-default elementor-section-height-default\" data-id=\"258e1be\" data-element_type=\"section\">\n\t\t\t\t\t\t<div class=\"elementor-container elementor-column-gap-default\">\n\t\t\t\t\t<div class=\"elementor-column elementor-col-100 elementor-top-column elementor-element elementor-element-2ae856d\" data-id=\"2ae856d\" data-element_type=\"column\">\n\t\t\t<div class=\"elementor-widget-wrap elementor-element-populated\">\n\t\t\t\t\t\t\t\t<div class=\"elementor-element elementor-element-73e2348 elementor-widget elementor-widget-spacer\" data-id=\"73e2348\" data-element_type=\"widget\" data-widget_type=\"spacer.default\">\n\t\t\t\t<div class=\"elementor-widget-container\">\n\t\t\t\t\t<div class=\"elementor-spacer\">\n\t\t\t<div class=\"elementor-spacer-inner\"><\/div>\n\t\t<\/div>\n\t\t\t\t<\/div>\n\t\t\t\t<\/div>\n\t\t\t\t\t<\/div>\n\t\t<\/div>\n\t\t\t\t\t\t\t<\/div>\n\t\t<\/section>\n\t\t\t\t<section class=\"elementor-section elementor-top-section elementor-element elementor-element-f3f480a elementor-section-boxed elementor-section-height-default elementor-section-height-default\" data-id=\"f3f480a\" data-element_type=\"section\">\n\t\t\t\t\t\t<div class=\"elementor-container elementor-column-gap-default\">\n\t\t\t\t\t<div class=\"elementor-column elementor-col-50 elementor-top-column elementor-element elementor-element-34240ab\" data-id=\"34240ab\" data-element_type=\"column\">\n\t\t\t<div class=\"elementor-widget-wrap elementor-element-populated\">\n\t\t\t\t\t\t\t\t<div class=\"elementor-element elementor-element-2c72b1e elementor-widget elementor-widget-text-editor\" data-id=\"2c72b1e\" data-element_type=\"widget\" data-widget_type=\"text-editor.default\">\n\t\t\t\t<div class=\"elementor-widget-container\">\n\t\t\t\t\t\t\t<h2 class=\"has-neve-text-color-color has-text-color\">Monika De Oliveira<\/h2>\n<p class=\"has-neve-text-color-color has-text-color\">Leitung Reinigung<\/p>\n<p class=\"has-neve-text-color-color has-text-color\"><strong>E-Mail:<\/strong> info@didom.ch<\/p>\n<p class=\"has-neve-text-color-color has-text-color\"><strong>Telefon: <\/strong>061 599 81 87<\/p>\n<p class=\"has-nv-dark-bg-color has-text-color\"><strong>Mobil:<\/strong> 078 899 97 86<\/p>\n<p>\u00a0<\/p>\n<p>\u00a0<\/p>\n<div class=\"wp-block-spacer\" aria-hidden=\"true\">\u00a0<\/div>\t\t\t\t\t\t<\/div>\n\t\t\t\t<\/div>\n\t\t\t\t\t<\/div>\n\t\t<\/div>\n\t\t\t\t<div class=\"elementor-column elementor-col-50 elementor-top-column elementor-element elementor-element-9683cf0\" data-id=\"9683cf0\" data-element_type=\"column\">\n\t\t\t<div class=\"elementor-widget-wrap elementor-element-populated\">\n\t\t\t\t\t\t\t\t<div class=\"elementor-element elementor-element-da38d31 elementor-widget elementor-widget-image\" data-id=\"da38d31\" data-element_type=\"widget\" data-widget_type=\"image.default\">\n\t\t\t\t<div class=\"elementor-widget-container\">\n\t\t\t\t\t\t\t\t\t\t\t\t\t\t\t<img width=\"289\" height=\"438\" src=\"https:\/\/didom.ch\/wp-content\/uploads\/2021\/02\/moo.jpg\" class=\"attachment-large size-large\" alt=\"\" loading=\"lazy\" srcset=\"https:\/\/didom.ch\/wp-content\/uploads\/2021\/02\/moo.jpg 289w, https:\/\/didom.ch\/wp-content\/uploads\/2021\/02\/moo-198x300.jpg 198w\" sizes=\"(max-width: 289px) 100vw, 289px\" \/>\t\t\t\t\t\t\t\t\t\t\t\t\t\t\t<\/div>\n\t\t\t\t<\/div>\n\t\t\t\t\t<\/div>\n\t\t<\/div>\n\t\t\t\t\t\t\t<\/div>\n\t\t<\/section>\n\t\t\t\t<section class=\"elementor-section elementor-top-section elementor-element elementor-element-3719ff7 elementor-section-boxed elementor-section-height-default elementor-section-height-default\" data-id=\"3719ff7\" data-element_type=\"section\">\n\t\t\t\t\t\t<div class=\"elementor-container elementor-column-gap-default\">\n\t\t\t\t\t<div class=\"elementor-column elementor-col-100 elementor-top-column elementor-element elementor-element-1c136bf\" data-id=\"1c136bf\" data-element_type=\"column\">\n\t\t\t<div class=\"elementor-widget-wrap elementor-element-populated\">\n\t\t\t\t\t\t\t\t<div class=\"elementor-element elementor-element-21de345 elementor-widget elementor-widget-spacer\" data-id=\"21de345\" data-element_type=\"widget\" data-widget_type=\"spacer.default\">\n\t\t\t\t<div class=\"elementor-widget-container\">\n\t\t\t\t\t<div class=\"elementor-spacer\">\n\t\t\t<div class=\"elementor-spacer-inner\"><\/div>\n\t\t<\/div>\n\t\t\t\t<\/div>\n\t\t\t\t<\/div>\n\t\t\t\t\t<\/div>\n\t\t<\/div>\n\t\t\t\t\t\t\t<\/div>\n\t\t<\/section>\n\t\t\t\t\t\t<\/div>\n\t\t\t\t\t<\/div>\n\t\t","protected":false},"excerpt":{"rendered":"<p>DiDom Reinigung &amp; Hauswartung Haben Sie momentan keine Zeit, Ihr Eigenheim oder Ihre Gesch\u00e4ftsr\u00e4umlichkeiten auf Fordermann zu bringen? Kein Problem &#8211; Da sind Sie bei uns richtig. Miguel De Oliveira Gesch\u00e4ftsf\u00fchrer Gerne stehe ich Ihnen f\u00fcr Fragen zur Verf\u00fcgung. E-mail: m.oliveira@didom.ch Telefon: 061 599 81 87 Mobil: 078 825 96 64 Monika De Oliveira Leitung&hellip;&nbsp;<a href=\"https:\/\/didom.ch\/index.php\/ueber-didom\/\" class=\"\" rel=\"bookmark\">Weiterlesen &raquo;<span class=\"screen-reader-text\">\u00dcber DiDom<\/span><\/a><\/p>\n","protected":false},"author":2,"featured_media":0,"parent":0,"menu_order":0,"comment_status":"closed","ping_status":"open","template":"","meta":{"neve_meta_sidebar":"default","neve_meta_container":"default","neve_meta_enable_content_width":"on","neve_meta_content_width":100,"neve_meta_title_alignment":"","neve_meta_author_avatar":"","neve_post_elements_order":"","neve_meta_disable_header":"","neve_meta_disable_footer":"","neve_meta_disable_title":"on","_ti_tpc_template_sync":false,"_ti_tpc_template_id":"0qhau2t6eoekosrgo1a2"},"_links":{"self":[{"href":"https:\/\/didom.ch\/index.php\/wp-json\/wp\/v2\/pages\/375"}],"collection":[{"href":"https:\/\/didom.ch\/index.php\/wp-json\/wp\/v2\/pages"}],"about":[{"href":"https:\/\/didom.ch\/index.php\/wp-json\/wp\/v2\/types\/page"}],"author":[{"embeddable":true,"href":"https:\/\/didom.ch\/index.php\/wp-json\/wp\/v2\/users\/2"}],"replies":[{"embeddable":true,"href":"https:\/\/didom.ch\/index.php\/wp-json\/wp\/v2\/comments?post=375"}],"version-history":[{"count":3,"href":"https:\/\/didom.ch\/index.php\/wp-json\/wp\/v2\/pages\/375\/revisions"}],"predecessor-version":[{"id":400,"href":"https:\/\/didom.ch\/index.php\/wp-json\/wp\/v2\/pages\/375\/revisions\/400"}],"wp:attachment":[{"href":"https:\/\/didom.ch\/index.php\/wp-json\/wp\/v2\/media?parent=375"}],"curies":[{"name":"wp","href":"https:\/\/api.w.org\/{rel}","templated":true}]}}