{"id":380,"date":"2022-02-10T12:54:34","date_gmt":"2022-02-10T12:54:34","guid":{"rendered":"https:\/\/didom.ch\/?page_id=380"},"modified":"2022-05-23T19:20:38","modified_gmt":"2022-05-23T19:20:38","slug":"aktionen-2","status":"publish","type":"page","link":"https:\/\/didom.ch\/index.php\/aktionen-2\/","title":{"rendered":"Aktionen"},"content":{"rendered":"\t\t<div data-elementor-type=\"wp-page\" data-elementor-id=\"380\" class=\"elementor elementor-380\" data-elementor-settings=\"[]\">\n\t\t\t\t\t\t\t<div class=\"elementor-section-wrap\">\n\t\t\t\t\t\t\t<section class=\"elementor-section elementor-top-section elementor-element elementor-element-92de3bb elementor-section-boxed elementor-section-height-default elementor-section-height-default\" data-id=\"92de3bb\" data-element_type=\"section\">\n\t\t\t\t\t\t<div class=\"elementor-container elementor-column-gap-default\">\n\t\t\t\t\t<div class=\"elementor-column elementor-col-100 elementor-top-column elementor-element elementor-element-94b166d\" data-id=\"94b166d\" data-element_type=\"column\">\n\t\t\t<div class=\"elementor-widget-wrap elementor-element-populated\">\n\t\t\t\t\t\t\t\t<div class=\"elementor-element elementor-element-4e497d6 elementor-widget elementor-widget-spacer\" data-id=\"4e497d6\" data-element_type=\"widget\" data-widget_type=\"spacer.default\">\n\t\t\t\t<div class=\"elementor-widget-container\">\n\t\t\t\t\t<div class=\"elementor-spacer\">\n\t\t\t<div class=\"elementor-spacer-inner\"><\/div>\n\t\t<\/div>\n\t\t\t\t<\/div>\n\t\t\t\t<\/div>\n\t\t\t\t\t<\/div>\n\t\t<\/div>\n\t\t\t\t\t\t\t<\/div>\n\t\t<\/section>\n\t\t\t\t<section class=\"elementor-section elementor-top-section elementor-element elementor-element-6f252a68 elementor-section-boxed elementor-section-height-default elementor-section-height-default\" data-id=\"6f252a68\" data-element_type=\"section\">\n\t\t\t\t\t\t<div class=\"elementor-container elementor-column-gap-default\">\n\t\t\t\t\t<div class=\"elementor-column elementor-col-100 elementor-top-column elementor-element elementor-element-67850221\" data-id=\"67850221\" data-element_type=\"column\">\n\t\t\t<div class=\"elementor-widget-wrap elementor-element-populated\">\n\t\t\t\t\t\t\t\t<div class=\"elementor-element elementor-element-c55a94e elementor-widget elementor-widget-heading\" data-id=\"c55a94e\" data-element_type=\"widget\" data-widget_type=\"heading.default\">\n\t\t\t\t<div class=\"elementor-widget-container\">\n\t\t\t<h2 class=\"elementor-heading-title elementor-size-default\">Aktionen<\/h2>\t\t<\/div>\n\t\t\t\t<\/div>\n\t\t\t\t<div class=\"elementor-element elementor-element-34d877fa elementor-widget elementor-widget-text-editor\" data-id=\"34d877fa\" data-element_type=\"widget\" data-widget_type=\"text-editor.default\">\n\t\t\t\t<div class=\"elementor-widget-container\">\n\t\t\t\t\t\t\t<ul><li>Fensterreinigung Fr\u00fchlingsaktion vom 21. M\u00e4rz bis 21. Juni f\u00fcr 45.00 CHF statt der 49.00 CHF exkl. MwSt.<\/li><li>5% Rabatt auf den ersten Auftrag f\u00fcr neu Kunden (ausgeschlossen Privat Unterhaltsreinigung)<\/li><\/ul>\t\t\t\t\t\t<\/div>\n\t\t\t\t<\/div>\n\t\t\t\t\t<\/div>\n\t\t<\/div>\n\t\t\t\t\t\t\t<\/div>\n\t\t<\/section>\n\t\t\t\t\t\t<\/div>\n\t\t\t\t\t<\/div>\n\t\t","protected":false},"excerpt":{"rendered":"<p>Aktionen Fensterreinigung Fr\u00fchlingsaktion vom 21. M\u00e4rz bis 21. Juni f\u00fcr 45.00 CHF statt der 49.00 CHF exkl. MwSt. 5% Rabatt auf den ersten Auftrag f\u00fcr neu Kunden (ausgeschlossen Privat Unterhaltsreinigung)<\/p>\n","protected":false},"author":2,"featured_media":0,"parent":0,"menu_order":0,"comment_status":"closed","ping_status":"open","template":"","meta":{"neve_meta_sidebar":"default","neve_meta_container":"default","neve_meta_enable_content_width":"on","neve_meta_content_width":100,"neve_meta_title_alignment":"","neve_meta_author_avatar":"","neve_post_elements_order":"","neve_meta_disable_header":"","neve_meta_disable_footer":"","neve_meta_disable_title":"on","_ti_tpc_template_sync":false,"_ti_tpc_template_id":"0qhau2t6eoekosrgo1a2"},"_links":{"self":[{"href":"https:\/\/didom.ch\/index.php\/wp-json\/wp\/v2\/pages\/380"}],"collection":[{"href":"https:\/\/didom.ch\/index.php\/wp-json\/wp\/v2\/pages"}],"about":[{"href":"https:\/\/didom.ch\/index.php\/wp-json\/wp\/v2\/types\/page"}],"author":[{"embeddable":true,"href":"https:\/\/didom.ch\/index.php\/wp-json\/wp\/v2\/users\/2"}],"replies":[{"embeddable":true,"href":"https:\/\/didom.ch\/index.php\/wp-json\/wp\/v2\/comments?post=380"}],"version-history":[{"count":9,"href":"https:\/\/didom.ch\/index.php\/wp-json\/wp\/v2\/pages\/380\/revisions"}],"predecessor-version":[{"id":464,"href":"https:\/\/didom.ch\/index.php\/wp-json\/wp\/v2\/pages\/380\/revisions\/464"}],"wp:attachment":[{"href":"https:\/\/didom.ch\/index.php\/wp-json\/wp\/v2\/media?parent=380"}],"curies":[{"name":"wp","href":"https:\/\/api.w.org\/{rel}","templated":true}]}}